{"id":84,"date":"2018-07-09T15:22:32","date_gmt":"2018-07-09T15:22:32","guid":{"rendered":"http:\/\/www.ansaitsetparasta.fi\/ohjaajaksi\/?page_id=84"},"modified":"2018-07-14T14:28:54","modified_gmt":"2018-07-14T14:28:54","slug":"videoita","status":"publish","type":"page","link":"http:\/\/www.ansaitsetparasta.fi\/ohjaajaksi\/videoita\/","title":{"rendered":"Videoita"},"content":{"rendered":"<h1>T\u00e4st\u00e4 osiosta l\u00f6yd\u00e4t videoklippej\u00e4, joissa tarkastellaan toimintaamme laadunvarmistuksen, liiketoimintafilosofian, br\u00e4ndin, yhteis\u00f6llisen vastuun ja koulutuksen n\u00e4k\u00f6kulmista. Videot toimivat samalla esimerkkein\u00e4 s\u00e4hk\u00f6isest\u00e4 materiaalista. Hyvinvointiohjaajana Sinulla on k\u00e4ytett\u00e4viss\u00e4si eritt\u00e4in laaja koulutus- ja markkinointivideoiden kirjasto sek\u00e4 p\u00e4\u00e4sy monenlaisiin aineistoihin, hallintaj\u00e4rjestelmiin ja sovelluksiin, joita voit halutessasi hy\u00f6dynt\u00e4\u00e4.<\/h1>\n<h2>Laadunvarmistus<\/h2>\n<p>Oletko samaa mielt\u00e4, ett\u00e4 jokaisen menestyv\u00e4n yhti\u00f6n takana on korkealuokkaiset tuotteet? Ett\u00e4 arvostettu br\u00e4ndi on seurausta vain ja ainoastaan asiakastyytyv\u00e4isyydest\u00e4? Oheisessa videossa otetaan silm\u00e4ys Herbalifen tuotekehitykseen:<\/p>\n<p><iframe loading=\"lazy\" width=\"525\" height=\"295\" src=\"https:\/\/www.youtube.com\/embed\/tcM-jiusEbE?feature=oembed\" frameborder=\"0\" allow=\"autoplay; encrypted-media\" allowfullscreen><\/iframe><\/p>\n<h2>Liiketoimintafilosofia<\/h2>\n<p>Henkil\u00f6kohtainen kehittyminen ja korkea ammattietiikka ovat aina olleet osa yhti\u00f6n ideologiaa. Jim Rohn (1930-2009), yksi maailman tunnetuimpia yritysfilosofeja ja bisnesvalmentajia, oli Herbalifen pitk\u00e4aikainen yhteisty\u00f6kumppani, jonka ajatukset n\u00e4kyv\u00e4t yh\u00e4 hyvinvointiohjaajien koulutuksen sis\u00e4ll\u00f6ss\u00e4. Rohnin kiistattoman vaikutuksen oman ajattelutapansa muodostamiseen ovat tunnustaneet mm. sellaiset el\u00e4m\u00e4ntaitokouluttajat kuin Tony Robbins, Brendon Burchard, Brian Tracy, Jack Canfield, Mark Victor Hansen ja Les Brown vain muutamia nimi\u00e4 mainitaksemme. Alla videotallenne 2000-luvun alkupuolelta, jossa Rohn kiteytt\u00e4\u00e4 erinomaisesti toimintamme ytimen.<\/p>\n<p><iframe loading=\"lazy\" width=\"525\" height=\"394\" src=\"https:\/\/www.youtube.com\/embed\/jz2Bb1IcrK0?feature=oembed\" frameborder=\"0\" allow=\"autoplay; encrypted-media\" allowfullscreen><\/iframe><\/p>\n<h2>Br\u00e4ndin\u00e4kyvyys<\/h2>\n<p>Herbalife sponsoroi yli 130 maailmanluokan urheilijaa, yli 60 ammattilaisseuraa ja liigaa, 5 kansallista olympiakomiteaa ja lukuisia urheilutapahtumia. T\u00e4ss\u00e4 jalkapalloilija Cristiano Ronaldon lyhyt haastattelu.<\/p>\n<p><iframe loading=\"lazy\" width=\"525\" height=\"295\" src=\"https:\/\/www.youtube.com\/embed\/Pdf0htsopMM?feature=oembed\" frameborder=\"0\" allow=\"autoplay; encrypted-media\" allowfullscreen><\/iframe><\/p>\n<p><iframe loading=\"lazy\" width=\"525\" height=\"295\" src=\"https:\/\/www.youtube.com\/embed\/s_Za9maRp0Y?feature=oembed\" frameborder=\"0\" allow=\"autoplay; encrypted-media\" allowfullscreen><\/iframe><\/p>\n<h2>Yritysvastuu<\/h2>\n<p>Herbalifen perhes\u00e4\u00e4ti\u00f6 (HFF) on voittoa tavoittelematon j\u00e4rjest\u00f6, joka tukee olemassa olevia hyv\u00e4ntekev\u00e4isyysj\u00e4rjest\u00f6j\u00e4, joiden teht\u00e4v\u00e4n\u00e4 on tarjota lapsille terveellist\u00e4 ravitsemusta, koulutusta ja paikallisten vapaaehtoisty\u00f6ntekij\u00f6iden tukea.\u00a0 HFF:n tavoitteena on maailma, jossa kaikilla lapsilla on mahdollisuus saada terveellist\u00e4 ravintoa.<br \/>\nLippulaivaprojekti on nimelt\u00e4\u00e4n Casa Herbalife, jonka puitteissa lahjoitetaan varoja sek\u00e4 vapaaehtoistukea yli 130 j\u00e4rjest\u00f6lle ymp\u00e4ri maailmaa.\u00a0 T\u00e4m\u00e4n ansiosta tuhansille lapsille lastenkodeissa, kunnallisissa laitoksissa ja sairaaloissa yli 50 maassa pystyt\u00e4\u00e4n tarjoamaan kunnon ravitsemusta.<\/p>\n<p>Pohjoismaiset hyvinvointiohjaajat ovat valinneet omaksi Casa Herbalife- kohteekseen Acres of Love -projektin Etel\u00e4-Afrikassa. T\u00e4ll\u00f6in kaikilla vuonna 2018 pohjoismaissa tehdyill\u00e4 HFF-lahjoituksilla tuetaan t\u00e4t\u00e4 projektia. Acres of Love on saanut tukea HFF-j\u00e4rjest\u00f6lt\u00e4 jo vuodesta 2006 l\u00e4htien ja Etel\u00e4-Afrikkaan on perustettu 185 kotia, joissa huolehditaan kodittomista ja orvoista lapsista.<\/p>\n<p>Acres of Love tekee ty\u00f6t\u00e4 t\u00e4ytt\u00e4\u00e4kseen lasten tarpeet ja antaakseen heille mahdollisuuden kasvaa laitosten ulkopuolella perheiss\u00e4, joissa he saavat huolenpitoa ja rakkautta ja mahdollisimman hyv\u00e4t edellytykset t\u00e4ysipainoiseen el\u00e4m\u00e4\u00e4n. Perustamalla vaihtoehdon orpolapsille tarkoitetuille laitoksille he auttavat lapsia kehittym\u00e4\u00e4n eik\u00e4 vain selvi\u00e4m\u00e4\u00e4n hengiss\u00e4. Acres of Love -projektin tavoitteena on huolehtia lapsista, jotka on hyl\u00e4tty tai jotka ovat j\u00e4\u00e4neet orvoiksi aidsin, v\u00e4kivallan tai Etel\u00e4-Afrikassa vallitsevan \u00e4\u00e4rimm\u00e4isen k\u00f6yhyyden vuoksi. He huolehtivat my\u00f6s orpolasten oikeuksista terveydenhoitoon, koulutukseen ja ravintoon.<\/p>\n<p><iframe loading=\"lazy\" width=\"525\" height=\"394\" src=\"https:\/\/www.youtube.com\/embed\/kwAMy6Fyzqk?feature=oembed\" frameborder=\"0\" allow=\"autoplay; encrypted-media\" allowfullscreen><\/iframe><\/p>\n<h2>Koulutusj\u00e4rjestelm\u00e4<\/h2>\n<p>Toivottavasti olet kokenut videot valaiseviksi. S\u00e4hk\u00f6ist\u00e4 ja kirjallista aineistoa on tarjolla runsaasti olipa sitten tavoitteena laajemman asiakaskunnan tavoittaminen ja tukeminen, oman ohjaajatiimin kouluttaminen, itseopiskelu tai toiminnan hallinnointi. N\u00e4m\u00e4 palvelut ovat ilmaisia lukuunottamatta kuukausimaksullisia Herbalife.Social- ja BizWorks-verkkoalustoja, joiden k\u00e4ytt\u00e4minen on vapaaehtoista.<\/p>\n<p>Koko koulutusohjelman perustan muodostavat kuitenkin erilaiset pienet ja isot tapahtumat, joissa hyvinvointiohjaajat saavat tietoa terveellisist\u00e4 el\u00e4m\u00e4ntavoista, toiminnan kehitt\u00e4misest\u00e4 ja bisnesajattelusta. Tarjolla on yksitt\u00e4isten tiimien (eli yhteisty\u00f6t\u00e4 tekevien ohjaajien) j\u00e4rjest\u00e4mi\u00e4 alueellisia koulutuksia ja ty\u00f6pajoja, Facebook-ryhmi\u00e4 live-l\u00e4hetyksineen, isoja kansallisia seminaareja sek\u00e4 yhti\u00f6n j\u00e4rjest\u00e4mi\u00e4 valtavia Extravaganza-tilaisuuksia, joissa on tuhansia osallistujia. N\u00e4iss\u00e4 tapahtumissa on puhujina palkittuja l\u00e4\u00e4k\u00e4reit\u00e4 ja menestyvi\u00e4 hyvinvointiohjaajia eri puolilta maailmaa. Alla esimerkkej\u00e4 monipuolisesta tarjonnasta.<\/p>\n<p><iframe loading=\"lazy\" width=\"525\" height=\"295\" src=\"https:\/\/www.youtube.com\/embed\/Su8afGn6VRg?feature=oembed\" frameborder=\"0\" allow=\"autoplay; encrypted-media\" allowfullscreen><\/iframe><\/p>\n<p><iframe loading=\"lazy\" width=\"525\" height=\"394\" src=\"https:\/\/www.youtube.com\/embed\/UoqIGhdq2iY?feature=oembed\" frameborder=\"0\" allow=\"autoplay; encrypted-media\" allowfullscreen><\/iframe><\/p>\n<p><iframe loading=\"lazy\" width=\"525\" height=\"394\" src=\"https:\/\/www.youtube.com\/embed\/l_Sg6xbFz7I?feature=oembed\" frameborder=\"0\" allow=\"autoplay; encrypted-media\" allowfullscreen><\/iframe><\/p>\n<p><iframe loading=\"lazy\" width=\"525\" height=\"295\" src=\"https:\/\/www.youtube.com\/embed\/jSp2Qb6E3dc?feature=oembed\" frameborder=\"0\" allow=\"autoplay; encrypted-media\" allowfullscreen><\/iframe><\/p>\n<p><iframe loading=\"lazy\" width=\"525\" height=\"295\" src=\"https:\/\/www.youtube.com\/embed\/0EAL4FPHf60?feature=oembed\" frameborder=\"0\" allow=\"autoplay; encrypted-media\" allowfullscreen><\/iframe><\/p>\n<p><iframe loading=\"lazy\" width=\"525\" height=\"394\" src=\"https:\/\/www.youtube.com\/embed\/snsdnX2faJM?feature=oembed\" frameborder=\"0\" allow=\"autoplay; encrypted-media\" allowfullscreen><\/iframe><\/p>\n<p><iframe loading=\"lazy\" width=\"525\" height=\"295\" src=\"https:\/\/www.youtube.com\/embed\/jBflUigewyw?feature=oembed\" frameborder=\"0\" allow=\"autoplay; encrypted-media\" allowfullscreen><\/iframe><\/p>\n<h2>Oletko valmis ottamaan ensimm\u00e4isen askeleen? Hienoa! Ole hyv\u00e4 ja t\u00e4yt\u00e4 <a href=\"http:\/\/www.ansaitsetparasta.fi\/ohjaajaksi\/aloitetaan\/\">yhteydenottolomake<\/a><\/h2>\n<h3><a href=\"http:\/\/www.ansaitsetparasta.fi\/ohjaajaksi\/wp-content\/uploads\/2018\/07\/accomplish-1136863_1280.jpg\"><img decoding=\"async\" loading=\"lazy\" class=\"alignnone wp-image-120 size-full\" src=\"http:\/\/www.ansaitsetparasta.fi\/ohjaajaksi\/wp-content\/uploads\/2018\/07\/accomplish-1136863_1280.jpg\" alt=\"\" width=\"1280\" height=\"850\" srcset=\"http:\/\/www.ansaitsetparasta.fi\/ohjaajaksi\/wp-content\/uploads\/2018\/07\/accomplish-1136863_1280.jpg 1280w, http:\/\/www.ansaitsetparasta.fi\/ohjaajaksi\/wp-content\/uploads\/2018\/07\/accomplish-1136863_1280-300x199.jpg 300w, http:\/\/www.ansaitsetparasta.fi\/ohjaajaksi\/wp-content\/uploads\/2018\/07\/accomplish-1136863_1280-768x510.jpg 768w, http:\/\/www.ansaitsetparasta.fi\/ohjaajaksi\/wp-content\/uploads\/2018\/07\/accomplish-1136863_1280-1024x680.jpg 1024w\" sizes=\"(max-width: 706px) 89vw, (max-width: 767px) 82vw, 740px\" \/><\/a><\/h3>\n","protected":false},"excerpt":{"rendered":"<p>T\u00e4st\u00e4 osiosta l\u00f6yd\u00e4t videoklippej\u00e4, joissa tarkastellaan toimintaamme laadunvarmistuksen, liiketoimintafilosofian, br\u00e4ndin, yhteis\u00f6llisen vastuun ja koulutuksen n\u00e4k\u00f6kulmista. Videot toimivat samalla esimerkkein\u00e4 s\u00e4hk\u00f6isest\u00e4 materiaalista. Hyvinvointiohjaajana Sinulla on k\u00e4ytett\u00e4viss\u00e4si eritt\u00e4in laaja koulutus- ja markkinointivideoiden kirjasto sek\u00e4 p\u00e4\u00e4sy monenlaisiin aineistoihin, hallintaj\u00e4rjestelmiin ja sovelluksiin, joita voit halutessasi hy\u00f6dynt\u00e4\u00e4. Laadunvarmistus Oletko samaa mielt\u00e4, ett\u00e4 jokaisen menestyv\u00e4n yhti\u00f6n takana on korkealuokkaiset tuotteet? Ett\u00e4 &hellip; <\/p>\n<p class=\"link-more\"><a href=\"http:\/\/www.ansaitsetparasta.fi\/ohjaajaksi\/videoita\/\" class=\"more-link\">Jatka lukemista<span class=\"screen-reader-text\"> &#8221;Videoita&#8221;<\/span><\/a><\/p>\n","protected":false},"author":1,"featured_media":0,"parent":0,"menu_order":3,"comment_status":"closed","ping_status":"closed","template":"","meta":{"footnotes":""},"_links":{"self":[{"href":"http:\/\/www.ansaitsetparasta.fi\/ohjaajaksi\/wp-json\/wp\/v2\/pages\/84"}],"collection":[{"href":"http:\/\/www.ansaitsetparasta.fi\/ohjaajaksi\/wp-json\/wp\/v2\/pages"}],"about":[{"href":"http:\/\/www.ansaitsetparasta.fi\/ohjaajaksi\/wp-json\/wp\/v2\/types\/page"}],"author":[{"embeddable":true,"href":"http:\/\/www.ansaitsetparasta.fi\/ohjaajaksi\/wp-json\/wp\/v2\/users\/1"}],"replies":[{"embeddable":true,"href":"http:\/\/www.ansaitsetparasta.fi\/ohjaajaksi\/wp-json\/wp\/v2\/comments?post=84"}],"version-history":[{"count":16,"href":"http:\/\/www.ansaitsetparasta.fi\/ohjaajaksi\/wp-json\/wp\/v2\/pages\/84\/revisions"}],"predecessor-version":[{"id":129,"href":"http:\/\/www.ansaitsetparasta.fi\/ohjaajaksi\/wp-json\/wp\/v2\/pages\/84\/revisions\/129"}],"wp:attachment":[{"href":"http:\/\/www.ansaitsetparasta.fi\/ohjaajaksi\/wp-json\/wp\/v2\/media?parent=84"}],"curies":[{"name":"wp","href":"https:\/\/api.w.org\/{rel}","templated":true}]}}