{"id":82,"date":"2018-07-09T15:22:32","date_gmt":"2018-07-09T15:22:32","guid":{"rendered":"http:\/\/www.ansaitsetparasta.fi\/ohjaajaksi\/?page_id=82"},"modified":"2018-07-10T09:31:43","modified_gmt":"2018-07-10T09:31:43","slug":"tietosuojaseloste","status":"publish","type":"page","link":"http:\/\/www.ansaitsetparasta.fi\/ohjaajaksi\/tietosuojaseloste\/","title":{"rendered":"Yhteystiedot ja tietosuojaseloste"},"content":{"rendered":"<p><strong>Rekisterinpit\u00e4j\u00e4<\/strong>:\u00a0 C-Radiantti Y1775004-3, Koskikatu 7 A 5, 33100 Tampere<\/p>\n<p><strong>Yhteyshenkil\u00f6<\/strong>: Antti Ikonen \/ 0443366179 \/ antti@ansaitsetparasta.fi<\/p>\n<p><strong>Rekisterin nimi<\/strong>: Mahdolliset yhteisty\u00f6kumppanit<\/p>\n<p><strong>Henkil\u00f6tietojen k\u00e4ytt\u00f6tarkoitus<\/strong>: Rekisterin tietoja k\u00e4ytet\u00e4\u00e4n tehdyn yhteydenottopyynn\u00f6n perusteella lis\u00e4tiedon jakamiseen ja asiakkaan niin tahtoessa tapaamisen j\u00e4rjest\u00e4miseen.<\/p>\n<p><strong>Rekisterin tietosis\u00e4lt\u00f6<\/strong>:<\/p>\n<ul>\n<li>Yksil\u00f6intitiedot: etu- ja sukunimi<\/li>\n<li>Yhteystiedot: s\u00e4hk\u00f6posti, puhelinnumero, kotipaikkakunta<\/li>\n<li>Henkil\u00f6tiedot: kiinnostuksenkohteet, vahvuudet, toimintatavoitteet<\/li>\n<\/ul>\n<p><strong>S\u00e4\u00e4nn\u00f6nmukaiset tietol\u00e4hteet<\/strong>: Rekister\u00f6idyn oma toiminta sivustolla.<\/p>\n<p><strong>Tietojen vastaanottajat<\/strong>: Sama kuin rekisterinpit\u00e4j\u00e4. Tietoja ei luovuteta kolmansille osapuolille.<\/p>\n<p><strong>Tietojen s\u00e4ilytysaika<\/strong>:\u00a0Asiakkuussopimuksen tuottamiseen liittyv\u00e4t asiakkuuden perustiedot tuhotaan viimeist\u00e4\u00e4n kolme kuukautta asiakassuhteen p\u00e4\u00e4ttymisen j\u00e4lkeen. Suostumuksen perusteella k\u00e4sitelv\u00e4t viestint\u00e4tiedot s\u00e4ilytet\u00e4\u00e4n, kunnes asiakas peruu suostumuksensa. Kirjanpitoaineistoja s\u00e4il\u00f6t\u00e4\u00e4n kirjanpitolain mukaisesti kuusi vuotta.<\/p>\n<p><strong>Rekister\u00f6idyn yleiset oikeudet<\/strong>: Rekister\u00f6idyll\u00e4 on aina oikeus saada p\u00e4\u00e4sy tietoihinsa, oikaista virheelliset tiedot tai vaatia tietojensa poistamista. T\u00e4m\u00e4 tapahtuu l\u00e4hett\u00e4m\u00e4ll\u00e4 asianmukainen pyynt\u00f6 osoitteeseen antti@ansaitsetparasta.fi<\/p>\n","protected":false},"excerpt":{"rendered":"<p>Rekisterinpit\u00e4j\u00e4:\u00a0 C-Radiantti Y1775004-3, Koskikatu 7 A 5, 33100 Tampere Yhteyshenkil\u00f6: Antti Ikonen \/ 0443366179 \/ antti@ansaitsetparasta.fi Rekisterin nimi: Mahdolliset yhteisty\u00f6kumppanit Henkil\u00f6tietojen k\u00e4ytt\u00f6tarkoitus: Rekisterin tietoja k\u00e4ytet\u00e4\u00e4n tehdyn yhteydenottopyynn\u00f6n perusteella lis\u00e4tiedon jakamiseen ja asiakkaan niin tahtoessa tapaamisen j\u00e4rjest\u00e4miseen. Rekisterin tietosis\u00e4lt\u00f6: Yksil\u00f6intitiedot: etu- ja sukunimi Yhteystiedot: s\u00e4hk\u00f6posti, puhelinnumero, kotipaikkakunta Henkil\u00f6tiedot: kiinnostuksenkohteet, vahvuudet, toimintatavoitteet S\u00e4\u00e4nn\u00f6nmukaiset tietol\u00e4hteet: Rekister\u00f6idyn oma toiminta &hellip; <\/p>\n<p class=\"link-more\"><a href=\"http:\/\/www.ansaitsetparasta.fi\/ohjaajaksi\/tietosuojaseloste\/\" class=\"more-link\">Jatka lukemista<span class=\"screen-reader-text\"> &#8221;Yhteystiedot ja tietosuojaseloste&#8221;<\/span><\/a><\/p>\n","protected":false},"author":1,"featured_media":0,"parent":0,"menu_order":4,"comment_status":"closed","ping_status":"closed","template":"","meta":{"footnotes":""},"_links":{"self":[{"href":"http:\/\/www.ansaitsetparasta.fi\/ohjaajaksi\/wp-json\/wp\/v2\/pages\/82"}],"collection":[{"href":"http:\/\/www.ansaitsetparasta.fi\/ohjaajaksi\/wp-json\/wp\/v2\/pages"}],"about":[{"href":"http:\/\/www.ansaitsetparasta.fi\/ohjaajaksi\/wp-json\/wp\/v2\/types\/page"}],"author":[{"embeddable":true,"href":"http:\/\/www.ansaitsetparasta.fi\/ohjaajaksi\/wp-json\/wp\/v2\/users\/1"}],"replies":[{"embeddable":true,"href":"http:\/\/www.ansaitsetparasta.fi\/ohjaajaksi\/wp-json\/wp\/v2\/comments?post=82"}],"version-history":[{"count":6,"href":"http:\/\/www.ansaitsetparasta.fi\/ohjaajaksi\/wp-json\/wp\/v2\/pages\/82\/revisions"}],"predecessor-version":[{"id":94,"href":"http:\/\/www.ansaitsetparasta.fi\/ohjaajaksi\/wp-json\/wp\/v2\/pages\/82\/revisions\/94"}],"wp:attachment":[{"href":"http:\/\/www.ansaitsetparasta.fi\/ohjaajaksi\/wp-json\/wp\/v2\/media?parent=82"}],"curies":[{"name":"wp","href":"https:\/\/api.w.org\/{rel}","templated":true}]}}