{"id":31,"date":"2018-07-07T11:04:09","date_gmt":"2018-07-07T11:04:09","guid":{"rendered":"http:\/\/www.ansaitsetparasta.fi\/ohjaajaksi\/?page_id=31"},"modified":"2018-07-13T14:08:29","modified_gmt":"2018-07-13T14:08:29","slug":"testi","status":"publish","type":"page","link":"http:\/\/www.ansaitsetparasta.fi\/ohjaajaksi\/","title":{"rendered":"Tervetuloa!"},"content":{"rendered":"<h1>Kiitos kun p\u00e4\u00e4tit vierailla sivustolla.\u00a0 Katsotaanpa tunnemmeko Sinua jo hieman:<\/h1>\n<ul>\n<li>\n<h3>Tahdot olla itse <strong>oman el\u00e4m\u00e4si ohjaimissa<\/strong> sen sijaan ett\u00e4 vain odottaisit olosuhteiden muuttuvan mieleisiksesi<\/h3>\n<\/li>\n<li>\n<h3>Tunnet sisimm\u00e4ss\u00e4si, kuinka paljon <strong>annettavaa<\/strong> sinulla olisi, et vain ole viel\u00e4 kenties l\u00f6yt\u00e4nyt ilmaisukanavaasi<\/h3>\n<\/li>\n<li>\n<h3>Olet kiinnostunut <strong>terveellisest\u00e4 ja aktiivisesta el\u00e4m\u00e4ntavasta<\/strong><\/h3>\n<\/li>\n<li>\n<h3>N\u00e4et haasteet keinona <strong>kehitt\u00e4\u00e4 itse\u00e4si<\/strong><\/h3>\n<\/li>\n<li>\n<h3>Arvostat <strong>vapautta<\/strong> tehd\u00e4 sellaisia asioita, jotka ovat sinulle t\u00e4rkeit\u00e4, silloin kun haluat<\/h3>\n<\/li>\n<li>\n<h3>Hyv\u00e4ksyt ty\u00f6ss\u00e4si vain <strong>korkeimmat eettiset normit<\/strong><\/h3>\n<\/li>\n<li>\n<h3>Etsit sellaista ansaitsemistapaa, jossa et vaihda aikaa rahaan<\/h3>\n<\/li>\n<li>\n<h3>Uskot, ett\u00e4 <strong>auttamalla<\/strong> riitt\u00e4v\u00e4n monta ihmist\u00e4 saavuttamaan haluamansa voit itse saavuttaa <strong>kaiken mit\u00e4 haluat<\/strong><\/h3>\n<\/li>\n<\/ul>\n<p><!--more--><\/p>\n<h3>Tunnistitko itsesi? Jos kyll\u00e4, t\u00e4lt\u00e4 sivustolta l\u00f6ytyv\u00e4 tieto saattaa kiinnostaa sinua.<\/h3>\n<p><a href=\"http:\/\/www.ansaitsetparasta.fi\/ohjaajaksi\/wp-content\/uploads\/2018\/07\/thumb-1013967_1920.jpg\"><img decoding=\"async\" loading=\"lazy\" class=\"alignnone wp-image-113 size-large\" src=\"http:\/\/www.ansaitsetparasta.fi\/ohjaajaksi\/wp-content\/uploads\/2018\/07\/thumb-1013967_1920-1024x1024.jpg\" alt=\"\" width=\"525\" height=\"525\" srcset=\"http:\/\/www.ansaitsetparasta.fi\/ohjaajaksi\/wp-content\/uploads\/2018\/07\/thumb-1013967_1920-1024x1024.jpg 1024w, http:\/\/www.ansaitsetparasta.fi\/ohjaajaksi\/wp-content\/uploads\/2018\/07\/thumb-1013967_1920-150x150.jpg 150w, http:\/\/www.ansaitsetparasta.fi\/ohjaajaksi\/wp-content\/uploads\/2018\/07\/thumb-1013967_1920-300x300.jpg 300w, http:\/\/www.ansaitsetparasta.fi\/ohjaajaksi\/wp-content\/uploads\/2018\/07\/thumb-1013967_1920-768x768.jpg 768w, http:\/\/www.ansaitsetparasta.fi\/ohjaajaksi\/wp-content\/uploads\/2018\/07\/thumb-1013967_1920-100x100.jpg 100w, http:\/\/www.ansaitsetparasta.fi\/ohjaajaksi\/wp-content\/uploads\/2018\/07\/thumb-1013967_1920.jpg 1920w\" sizes=\"(max-width: 525px) 100vw, 525px\" \/><\/a><\/p>\n<h1>Jos tarjoaisimme sinulle mahdollisuuden rakentaa oma osa-aikainen tai kokop\u00e4iv\u00e4toiminen liiketoiminta yhteisty\u00f6ss\u00e4 alansa markkinajohtajan ja ykk\u00f6sbr\u00e4ndin kanssa, olisitko halukas tarkastelemaan asiaa l\u00e4hemmin?<\/h1>\n<h3>Tuleeko siit\u00e4 helppoa? Ei.<\/h3>\n<h3>Syntyyk\u00f6 tuloja itsest\u00e4\u00e4n? Ei.<\/h3>\n<h3>Odotetaanko sinun kehitt\u00e4v\u00e4n osaamistasi? Kyll\u00e4.<\/h3>\n<h3>Onko se ponnisteluiden arvoista? Ehdottomasti!<\/h3>\n<h3>Mik\u00e4li luet teksti\u00e4 yh\u00e4 ja ehk\u00e4p\u00e4 viel\u00e4kin kiinnostuneempana, niin onneksi olkoon, se kertoo korkeasta ty\u00f6moraalista! Toivottavasti viimeist\u00e4\u00e4n t\u00e4ss\u00e4 vaiheessa sinulle on v\u00e4littynyt viesti siit\u00e4, ettei kyseess\u00e4 ole \u00e4kkirikastumiskeino, jossa luvataan tuottoa ilman ty\u00f6panosta, vaan <strong>j\u00e4rjestelm\u00e4lliseen ja pitk\u00e4j\u00e4nteiseen ty\u00f6h\u00f6n perustuva uramahdollisuus<\/strong>. Koko toiminnan <strong>ydinajatuksena on tuottaa asiakkaille tuloksia<\/strong> ja mit\u00e4 useampaa autat, joko suorasti tai ep\u00e4suorasti, sit\u00e4 suuremmat ovat tulosi.<\/h3>\n<p>&nbsp;<\/p>\n<p><iframe loading=\"lazy\" title=\"Tervetuloa Herbalifeen!\" width=\"525\" height=\"295\" src=\"https:\/\/www.youtube.com\/embed\/slj6fW6krYY?feature=oembed\" frameborder=\"0\" allow=\"accelerometer; autoplay; clipboard-write; encrypted-media; gyroscope; picture-in-picture; web-share\" referrerpolicy=\"strict-origin-when-cross-origin\" allowfullscreen><\/iframe><\/p>\n<h3>N\u00e4etk\u00f6 mahdollisuuden? Ehk\u00e4, jos saat vastauksia kysymyksiin, joita sinulla on, eik\u00f6 vain? Esittelemme nyt prosessin, jonka tavoitteena on kasvattaa varmuuttasi vaihe vaiheelta, jotta voit tehd\u00e4 parhaaksi katsomasi p\u00e4\u00e4t\u00f6ksen faktojen perusteella.<\/h3>\n<h3>Seuraavat askeleet:<\/h3>\n<ol>\n<li>\n<h3><a href=\"http:\/\/www.ansaitsetparasta.fi\/ohjaajaksi\/aloitetaan\/\">T\u00e4yt\u00e4 yhteydenottolomake<\/a><\/h3>\n<\/li>\n<li>\n<h3>Palaamme asiaan valitsemallasi tavalla mahdollisimman nopeasti ja annamme tarvittaessa lis\u00e4tietoa, saatat haluta vilkaista my\u00f6s sivustolta l\u00f6ytyv\u00e4\u00e4 <a href=\"http:\/\/www.ansaitsetparasta.fi\/ohjaajaksi\/videoita\/\">ekstramateriaalia<\/a><\/h3>\n<\/li>\n<li>\n<h3>Tule tutustumaan toimintaamme aluksi asiakkaan n\u00e4k\u00f6vinkkelist\u00e4<\/h3>\n<\/li>\n<li>\n<h3>Osallistu yritysinfoon (live \/ webinaari), 45 min<\/h3>\n<\/li>\n<li>\n<h3>Jos aloitat liiketoiminnan, saat henkil\u00f6kohtaisen valmennuksen, 1 h<\/h3>\n<\/li>\n<li>\n<h3>Osallistu 5 viikon hyvinvointiohjaajakoulutukseen (viikottaiset livetapaamiset \/ webinaarit), 10 h<\/h3>\n<\/li>\n<li>\n<h3>Henkil\u00f6kohtainen valmennus, osa 2: toimintasuunnitelma ja k\u00e4ynnistys, 2 h<\/h3>\n<\/li>\n<li>\n<h3>Harjoitteluvaihe, jonka aikana kehit\u00e4t toimintaasi ohjaajasi tuella ja osallistut v\u00e4hint\u00e4\u00e4n kahteen seminaariin, 3-6 kuukautta<\/h3>\n<\/li>\n<li>\n<h3>Itsen\u00e4ist\u00e4 liiketoiminnan harjoittamista tukij\u00e4rjestelm\u00e4\u00e4 hy\u00f6dynt\u00e4en ja omaa osaamistasi kartuttaen s\u00e4\u00e4nn\u00f6llisell\u00e4 kouluttautumisella<\/h3>\n<\/li>\n<\/ol>\n","protected":false},"excerpt":{"rendered":"<p>Kiitos kun p\u00e4\u00e4tit vierailla sivustolla.\u00a0 Katsotaanpa tunnemmeko Sinua jo hieman: Tahdot olla itse oman el\u00e4m\u00e4si ohjaimissa sen sijaan ett\u00e4 vain odottaisit olosuhteiden muuttuvan mieleisiksesi Tunnet sisimm\u00e4ss\u00e4si, kuinka paljon annettavaa sinulla olisi, et vain ole viel\u00e4 kenties l\u00f6yt\u00e4nyt ilmaisukanavaasi Olet kiinnostunut terveellisest\u00e4 ja aktiivisesta el\u00e4m\u00e4ntavasta N\u00e4et haasteet keinona kehitt\u00e4\u00e4 itse\u00e4si Arvostat vapautta tehd\u00e4 sellaisia asioita, jotka &hellip; <\/p>\n<p class=\"link-more\"><a href=\"http:\/\/www.ansaitsetparasta.fi\/ohjaajaksi\/\" class=\"more-link\">Jatka lukemista<span class=\"screen-reader-text\"> &#8221;Tervetuloa!&#8221;<\/span><\/a><\/p>\n","protected":false},"author":1,"featured_media":0,"parent":0,"menu_order":1,"comment_status":"closed","ping_status":"closed","template":"","meta":{"footnotes":""},"_links":{"self":[{"href":"http:\/\/www.ansaitsetparasta.fi\/ohjaajaksi\/wp-json\/wp\/v2\/pages\/31"}],"collection":[{"href":"http:\/\/www.ansaitsetparasta.fi\/ohjaajaksi\/wp-json\/wp\/v2\/pages"}],"about":[{"href":"http:\/\/www.ansaitsetparasta.fi\/ohjaajaksi\/wp-json\/wp\/v2\/types\/page"}],"author":[{"embeddable":true,"href":"http:\/\/www.ansaitsetparasta.fi\/ohjaajaksi\/wp-json\/wp\/v2\/users\/1"}],"replies":[{"embeddable":true,"href":"http:\/\/www.ansaitsetparasta.fi\/ohjaajaksi\/wp-json\/wp\/v2\/comments?post=31"}],"version-history":[{"count":19,"href":"http:\/\/www.ansaitsetparasta.fi\/ohjaajaksi\/wp-json\/wp\/v2\/pages\/31\/revisions"}],"predecessor-version":[{"id":127,"href":"http:\/\/www.ansaitsetparasta.fi\/ohjaajaksi\/wp-json\/wp\/v2\/pages\/31\/revisions\/127"}],"wp:attachment":[{"href":"http:\/\/www.ansaitsetparasta.fi\/ohjaajaksi\/wp-json\/wp\/v2\/media?parent=31"}],"curies":[{"name":"wp","href":"https:\/\/api.w.org\/{rel}","templated":true}]}}